{"id":2030,"date":"2024-12-29T09:50:37","date_gmt":"2024-12-29T09:50:37","guid":{"rendered":"https:\/\/www.latinwildfilms.com\/pt\/?page_id=2030"},"modified":"2024-12-29T10:15:29","modified_gmt":"2024-12-29T10:15:29","slug":"dicas","status":"publish","type":"page","link":"https:\/\/www.latinwildfilms.com\/pt\/dicas\/","title":{"rendered":"Dicas"},"content":{"rendered":"<section class=\"l-section wpb_row height_auto\"><div class=\"l-section-h i-cf\"><div class=\"g-cols via_grid cols_1 laptops-cols_inherit tablets-cols_inherit mobiles-cols_1 valign_top type_default\"><div class=\"wpb_column vc_column_container\"><div class=\"vc_column-inner\"><div class=\"w-separator size_medium\"><\/div><div class=\"wpb_text_column\"><div class=\"wpb_wrapper\"><h2 style=\"text-align: center;\"><strong><span class=\"highlight highlight_primary\">Dicas e Instru\u00e7\u00f5es Gerais<\/span><\/strong><\/h2>\n<\/div><\/div><div class=\"w-separator size_medium\"><\/div><div class=\"wpb_text_column\"><div class=\"wpb_wrapper\"><h5 style=\"text-align: left;\">O QUE LEVAR?<\/h5>\n<\/div><\/div><div class=\"w-separator size_small\"><\/div><div class=\"wpb_text_column\"><div class=\"wpb_wrapper\"><p><img loading=\"lazy\" decoding=\"async\" class=\"alignnone wp-image-773\" src=\"https:\/\/www.latinwildfilms.com\/pt\/wp-content\/uploads\/2024\/12\/check-green.png\" alt=\"\" width=\"12\" height=\"12\" \/>\u00a0Bota de Borracha de Cano Alto &#8211; s\u00e3o importantes pois mant\u00e9m os p\u00e9s secos, s\u00e3o f\u00e1ceis de lavar e tamb\u00e9m protegem contra picadas de cobras (recomendamos aos nossos clientes as botas da marca Baspan, s\u00e3o confort\u00e1veis e tem um pre\u00e7o acess\u00edvel &#8211; ressaltando que em rela\u00e7\u00e3o a marca \u00e9 apenas uma recomenda\u00e7\u00e3o devido a nossa experi\u00eancia com esse tipo de equipamento)<\/p>\n<p><img loading=\"lazy\" decoding=\"async\" class=\"alignnone wp-image-773\" src=\"https:\/\/www.latinwildfilms.com\/pt\/wp-content\/uploads\/2024\/12\/check-green.png\" alt=\"\" width=\"12\" height=\"12\" \/>\u00a0Cal\u00e7a de Trilha<\/p>\n<p><img loading=\"lazy\" decoding=\"async\" class=\"alignnone wp-image-773\" src=\"https:\/\/www.latinwildfilms.com\/pt\/wp-content\/uploads\/2024\/12\/check-green.png\" alt=\"\" width=\"12\" height=\"12\" \/>\u00a0Capa de Chuva<\/p>\n<p><img loading=\"lazy\" decoding=\"async\" class=\"alignnone wp-image-773\" src=\"https:\/\/www.latinwildfilms.com\/pt\/wp-content\/uploads\/2024\/12\/check-green.png\" alt=\"\" width=\"12\" height=\"12\" \/>\u00a0Repelente<\/p>\n<p><img loading=\"lazy\" decoding=\"async\" class=\"alignnone wp-image-773\" src=\"https:\/\/www.latinwildfilms.com\/pt\/wp-content\/uploads\/2024\/12\/check-green.png\" alt=\"\" width=\"12\" height=\"12\" \/>\u00a0Toalha Seca<\/p>\n<p><img loading=\"lazy\" decoding=\"async\" class=\"alignnone wp-image-773\" src=\"https:\/\/www.latinwildfilms.com\/pt\/wp-content\/uploads\/2024\/12\/check-green.png\" alt=\"\" width=\"12\" height=\"12\" \/>\u00a0Lanterna de M\u00e3o e de Cabe\u00e7a (vamos fazer trilhas noturnas em v\u00e1rios dias durante o tour)<\/p>\n<p><img loading=\"lazy\" decoding=\"async\" class=\"alignnone wp-image-773\" src=\"https:\/\/www.latinwildfilms.com\/pt\/wp-content\/uploads\/2024\/12\/check-green.png\" alt=\"\" width=\"12\" height=\"12\" \/> Protetor Solar<\/p>\n<p><img loading=\"lazy\" decoding=\"async\" class=\"alignnone wp-image-773\" src=\"https:\/\/www.latinwildfilms.com\/pt\/wp-content\/uploads\/2024\/12\/check-green.png\" alt=\"\" width=\"12\" height=\"12\" \/> Roupas de Banho<\/p>\n<\/div><\/div><div class=\"w-separator size_medium\"><\/div><div class=\"wpb_text_column\"><div class=\"wpb_wrapper\"><h5 style=\"text-align: left;\">OPCIONAIS<\/h5>\n<\/div><\/div><div class=\"w-separator size_small\"><\/div><div class=\"wpb_text_column\"><div class=\"wpb_wrapper\"><p><img loading=\"lazy\" decoding=\"async\" class=\"alignnone size-full wp-image-2332\" src=\"https:\/\/www.latinwildfilms.com\/pt\/wp-content\/uploads\/2024\/12\/check-orange.png\" alt=\"\" width=\"12\" height=\"12\" \/> Bin\u00f3culo<\/p>\n<p><img loading=\"lazy\" decoding=\"async\" class=\"alignnone size-full wp-image-2332\" src=\"https:\/\/www.latinwildfilms.com\/pt\/wp-content\/uploads\/2024\/12\/check-orange.png\" alt=\"\" width=\"12\" height=\"12\" \/> C\u00e2mera Fotogr\u00e1fica com lente tele e macro<\/p>\n<\/div><\/div><div class=\"w-separator size_medium\"><\/div><div class=\"wpb_text_column\"><div class=\"wpb_wrapper\"><h5 style=\"text-align: left;\">CLIMA &#8211; TEMPERATURA E PLUVIOSIDADE<\/h5>\n<\/div><\/div><div class=\"w-separator size_small\"><\/div><div class=\"g-cols wpb_row via_grid cols_2 laptops-cols_inherit tablets-cols_inherit mobiles-cols_1 valign_top type_default\"><div class=\"wpb_column vc_column_container\"><div class=\"vc_column-inner\"><div class=\"w-image align_none\"><a href=\"https:\/\/www.latinwildfilms.com\/pt\/wp-content\/uploads\/2024\/12\/melgaco.png\" ref=\"magnificPopup\" aria-label=\"Link\" class=\"w-image-h\"><img loading=\"lazy\" decoding=\"async\" width=\"661\" height=\"454\" src=\"https:\/\/www.latinwildfilms.com\/pt\/wp-content\/uploads\/2024\/12\/melgaco.png\" class=\"attachment-full size-full\" alt=\"\" srcset=\"https:\/\/www.latinwildfilms.com\/pt\/wp-content\/uploads\/2024\/12\/melgaco.png 661w, https:\/\/www.latinwildfilms.com\/pt\/wp-content\/uploads\/2024\/12\/melgaco-300x206.png 300w\" sizes=\"auto, (max-width: 661px) 100vw, 661px\" \/><\/a><\/div><div class=\"wpb_text_column\"><div class=\"wpb_wrapper\"><p><strong>Expedi\u00e7\u00e3o Caxiuan\u00e3<\/strong><\/p>\n<\/div><\/div><div class=\"w-separator size_small\"><\/div><div class=\"w-image align_none\"><a href=\"https:\/\/www.latinwildfilms.com\/pt\/wp-content\/uploads\/2024\/12\/delfinopolis.png\" ref=\"magnificPopup\" aria-label=\"Link\" class=\"w-image-h\"><img loading=\"lazy\" decoding=\"async\" width=\"654\" height=\"453\" src=\"https:\/\/www.latinwildfilms.com\/pt\/wp-content\/uploads\/2024\/12\/delfinopolis.png\" class=\"attachment-full size-full\" alt=\"\" srcset=\"https:\/\/www.latinwildfilms.com\/pt\/wp-content\/uploads\/2024\/12\/delfinopolis.png 654w, https:\/\/www.latinwildfilms.com\/pt\/wp-content\/uploads\/2024\/12\/delfinopolis-300x208.png 300w\" sizes=\"auto, (max-width: 654px) 100vw, 654px\" \/><\/a><\/div><div class=\"wpb_text_column\"><div class=\"wpb_wrapper\"><p><strong>Saf\u00e1ri na Serra da Canastra<\/strong><\/p>\n<\/div><\/div><\/div><\/div><div class=\"wpb_column vc_column_container\"><div class=\"vc_column-inner\"><div class=\"w-image align_none\"><a href=\"https:\/\/www.latinwildfilms.com\/pt\/wp-content\/uploads\/2024\/12\/cruzeiro-do-sul.png\" ref=\"magnificPopup\" aria-label=\"Link\" class=\"w-image-h\"><img loading=\"lazy\" decoding=\"async\" width=\"658\" height=\"452\" src=\"https:\/\/www.latinwildfilms.com\/pt\/wp-content\/uploads\/2024\/12\/cruzeiro-do-sul.png\" class=\"attachment-full size-full\" alt=\"\" srcset=\"https:\/\/www.latinwildfilms.com\/pt\/wp-content\/uploads\/2024\/12\/cruzeiro-do-sul.png 658w, https:\/\/www.latinwildfilms.com\/pt\/wp-content\/uploads\/2024\/12\/cruzeiro-do-sul-300x206.png 300w\" sizes=\"auto, (max-width: 658px) 100vw, 658px\" \/><\/a><\/div><div class=\"wpb_text_column\"><div class=\"wpb_wrapper\"><p><strong>Expedi\u00e7\u00e3o Uacari<\/strong><\/p>\n<\/div><\/div><div class=\"w-separator size_small\"><\/div><div class=\"w-image align_none\"><a href=\"https:\/\/www.latinwildfilms.com\/pt\/wp-content\/uploads\/2024\/12\/corumba.png\" ref=\"magnificPopup\" aria-label=\"Link\" class=\"w-image-h\"><img loading=\"lazy\" decoding=\"async\" width=\"658\" height=\"452\" src=\"https:\/\/www.latinwildfilms.com\/pt\/wp-content\/uploads\/2024\/12\/corumba.png\" class=\"attachment-full size-full\" alt=\"\" srcset=\"https:\/\/www.latinwildfilms.com\/pt\/wp-content\/uploads\/2024\/12\/corumba.png 658w, https:\/\/www.latinwildfilms.com\/pt\/wp-content\/uploads\/2024\/12\/corumba-300x206.png 300w\" sizes=\"auto, (max-width: 658px) 100vw, 658px\" \/><\/a><\/div><div class=\"wpb_text_column\"><div class=\"wpb_wrapper\"><p><strong>Saf\u00e1ri no Pantanal da Nhecol\u00e2ndia<\/strong><\/p>\n<\/div><\/div><\/div><\/div><\/div><div class=\"w-separator size_medium\"><\/div><\/div><\/div><\/div><\/div><\/section>\n","protected":false},"excerpt":{"rendered":"Dicas e Instru\u00e7\u00f5es Gerais O QUE LEVAR? \u00a0Bota de Borracha de Cano Alto &#8211; s\u00e3o importantes pois mant\u00e9m os p\u00e9s secos, s\u00e3o f\u00e1ceis de lavar e tamb\u00e9m protegem contra picadas de cobras (recomendamos aos nossos clientes as botas da marca Baspan, s\u00e3o confort\u00e1veis e tem um pre\u00e7o acess\u00edvel &#8211; ressaltando que em rela\u00e7\u00e3o a marca...","protected":false},"author":2,"featured_media":0,"parent":0,"menu_order":0,"comment_status":"closed","ping_status":"closed","template":"","meta":{"_acf_changed":false,"footnotes":""},"class_list":["post-2030","page","type-page","status-publish","hentry"],"acf":[],"_links":{"self":[{"href":"https:\/\/www.latinwildfilms.com\/pt\/wp-json\/wp\/v2\/pages\/2030","targetHints":{"allow":["GET"]}}],"collection":[{"href":"https:\/\/www.latinwildfilms.com\/pt\/wp-json\/wp\/v2\/pages"}],"about":[{"href":"https:\/\/www.latinwildfilms.com\/pt\/wp-json\/wp\/v2\/types\/page"}],"author":[{"embeddable":true,"href":"https:\/\/www.latinwildfilms.com\/pt\/wp-json\/wp\/v2\/users\/2"}],"replies":[{"embeddable":true,"href":"https:\/\/www.latinwildfilms.com\/pt\/wp-json\/wp\/v2\/comments?post=2030"}],"version-history":[{"count":14,"href":"https:\/\/www.latinwildfilms.com\/pt\/wp-json\/wp\/v2\/pages\/2030\/revisions"}],"predecessor-version":[{"id":2050,"href":"https:\/\/www.latinwildfilms.com\/pt\/wp-json\/wp\/v2\/pages\/2030\/revisions\/2050"}],"wp:attachment":[{"href":"https:\/\/www.latinwildfilms.com\/pt\/wp-json\/wp\/v2\/media?parent=2030"}],"curies":[{"name":"wp","href":"https:\/\/api.w.org\/{rel}","templated":true}]}}