{"id":1643,"date":"2024-11-15T16:14:16","date_gmt":"2024-11-15T16:14:16","guid":{"rendered":"https:\/\/www.latinwildfilms.com\/pt\/?page_id=1643"},"modified":"2025-06-02T11:00:48","modified_gmt":"2025-06-02T11:00:48","slug":"expedicoes","status":"publish","type":"page","link":"https:\/\/www.latinwildfilms.com\/pt\/expedicoes\/","title":{"rendered":"Expedi\u00e7\u00f5es"},"content":{"rendered":"<section class=\"l-section wpb_row height_auto\"><div class=\"l-section-h i-cf\"><div class=\"g-cols via_grid cols_1 laptops-cols_inherit tablets-cols_inherit mobiles-cols_1 valign_top type_default\"><div class=\"wpb_column vc_column_container\"><div class=\"vc_column-inner\"><div class=\"w-separator size_medium\"><\/div><div class=\"wpb_text_column\"><div class=\"wpb_wrapper\"><h2 style=\"text-align: center;\"><strong><span class=\"highlight highlight_primary\">Agenda 2025<\/span><\/strong><\/h2>\n<\/div><\/div><div class=\"w-separator size_medium\"><\/div><div class=\"g-cols wpb_row via_grid cols_3 laptops-cols_inherit tablets-cols_inherit mobiles-cols_1 valign_top type_default\"><div class=\"wpb_column vc_column_container\"><div class=\"vc_column-inner\"><div class=\"w-flipbox animation_cardflip direction_w\"><div class=\"w-flipbox-h easing_ease\" style=\"transition-duration:0.5s;\"><div class=\"w-flipbox-hh\"><div class=\"w-flipbox-front \" style=\"background-image:url(https:\/\/www.latinwildfilms.com\/pt\/wp-content\/uploads\/2025\/02\/capa-exp-guaraquecaba.jpg);\"><div class=\"w-flipbox-front-h\"><h4 class=\"w-flipbox-front-title\" style=\"font-size:24px;\">Expedi\u00e7\u00e3o Guaraque\u00e7aba<\/h4><div class=\"w-flipbox-front-desc\"><p>17 a 23 de Agosto de 2025<br \/>\n16 a 22 de Novembro de 2025<\/p>\n<\/div><\/div><\/div><div class=\"w-flipbox-back \" style=\"display:none;\"><div class=\"w-flipbox-back-h\"><div class=\"w-flipbox-back-desc\"><p>Expedi\u00e7\u00e3o cient\u00edfica com 07 dias e 06 noites de dura\u00e7\u00e3o no local mais selvagem do Lagamar, no estado do Paran\u00e1. Uma parceria entre o ...<\/p>\n<\/div><a title=\"Expedi\u00e7\u00e3o Guaraque\u00e7aba\" href=\"https:\/\/www.latinwildfilms.com\/pt\/expedicao-guaraquecaba\/\" class=\"w-btn us-btn-style_1\"><span>Saiba Mais<\/span><\/a><\/div><\/div><\/div><\/div><\/div><\/div><\/div><div class=\"wpb_column vc_column_container\"><div class=\"vc_column-inner\"><div class=\"w-flipbox animation_cardflip direction_w\"><div class=\"w-flipbox-h easing_ease\" style=\"transition-duration:0.5s;\"><div class=\"w-flipbox-hh\"><div class=\"w-flipbox-front \" style=\"background-image:url(https:\/\/www.latinwildfilms.com\/pt\/wp-content\/uploads\/2024\/11\/expedicao-uacari_02-1.jpg);\"><div class=\"w-flipbox-front-h\"><h4 class=\"w-flipbox-front-title\" style=\"font-size:24px;\">Expedi\u00e7\u00e3o Uacari<\/h4><div class=\"w-flipbox-front-desc\"><p>06 a 12 de Julho de 2025<br \/>\n12 a 19 de Outubro de 2025<\/p>\n<\/div><\/div><\/div><div class=\"w-flipbox-back \" style=\"display:none;\"><div class=\"w-flipbox-back-h\"><div class=\"w-flipbox-back-desc\"><p>Roteiro com 8 dias e 7 noites no estado do Acre, num dos locais de maior biodiversidade da Amaz\u00f4nia. Neste roteiro vamos explorar o Parque Nacional ...<\/p>\n<\/div><a title=\"Expedi\u00e7\u00e3o Sagui Branco\" href=\"https:\/\/www.latinwildfilms.com\/pt\/expedicao-uacari\/\" class=\"w-btn us-btn-style_1\"><span>Saiba Mais<\/span><\/a><\/div><\/div><\/div><\/div><\/div><\/div><\/div><div class=\"wpb_column vc_column_container\"><div class=\"vc_column-inner\"><div class=\"w-flipbox animation_cardflip direction_w\"><div class=\"w-flipbox-h easing_ease\" style=\"transition-duration:0.5s;\"><div class=\"w-flipbox-hh\"><div class=\"w-flipbox-front \" style=\"background-image:url(https:\/\/www.latinwildfilms.com\/pt\/wp-content\/uploads\/2025\/01\/221068342_1228469000937907_3651511961932966080_n-1024x901-1.jpg);\"><div class=\"w-flipbox-front-h\"><h4 class=\"w-flipbox-front-title\" style=\"font-size:24px;\">Expedi\u00e7\u00e3o Muriqui e Mico Le\u00e3o Preto<\/h4><div class=\"w-flipbox-front-desc\"><p>27 a 29 de Junho de 2025<br \/>\n08 a 10 de Agosto de 2025<\/p>\n<\/div><\/div><\/div><div class=\"w-flipbox-back \" style=\"display:none;\"><div class=\"w-flipbox-back-h\"><div class=\"w-flipbox-back-desc\"><p>Roteiro com 3 dias e 2 noites no estado de S\u00e3o Paulo para observa\u00e7\u00e3o do Muriqui-do-sul o maior primata das Am\u00e9ricas e do Mico-le\u00e3o-preto (Leontopithecus ...<\/p>\n<\/div><a title=\"Expedi\u00e7\u00e3o Muriqui e Mico Le\u00e3o Preto\" href=\"https:\/\/www.latinwildfilms.com\/pt\/expedicao-muriqui-e-mico-leao-preto\/\" class=\"w-btn us-btn-style_1\"><span>Saiba Mais<\/span><\/a><\/div><\/div><\/div><\/div><\/div><\/div><\/div><\/div><div class=\"w-separator size_medium\"><\/div><div class=\"g-cols wpb_row via_grid cols_3 laptops-cols_inherit tablets-cols_inherit mobiles-cols_1 valign_top type_default\"><div class=\"wpb_column vc_column_container\"><div class=\"vc_column-inner\"><div class=\"w-flipbox animation_cardflip direction_w\"><div class=\"w-flipbox-h easing_ease\" style=\"transition-duration:0.5s;\"><div class=\"w-flipbox-hh\"><div class=\"w-flipbox-front \" style=\"background-image:url(https:\/\/www.latinwildfilms.com\/pt\/wp-content\/uploads\/2024\/12\/tamandua-canastra_01.jpg);\"><div class=\"w-flipbox-front-h\"><h4 class=\"w-flipbox-front-title\" style=\"font-size:24px;\">Saf\u00e1ri na Serra da Canastra<\/h4><div class=\"w-flipbox-front-desc\"><p>15 a 21 de Junho de 2025<\/p>\n<\/div><\/div><\/div><div class=\"w-flipbox-back \" style=\"display:none;\"><div class=\"w-flipbox-back-h\"><div class=\"w-flipbox-back-desc\"><p>Roteiro com 07 dias e 06 noites partindo da cidade de S\u00e3o Paulo na Serra da Canastra. O foco da expedi\u00e7\u00e3o \u00e9 a observa\u00e7\u00e3o de fauna, e para isso ....<\/p>\n<\/div><a title=\"Expedi\u00e7\u00e3o Sagui Branco\" href=\"https:\/\/www.latinwildfilms.com\/pt\/safari-na-serra-da-canastra\/\" class=\"w-btn us-btn-style_1\"><span>Saiba Mais<\/span><\/a><\/div><\/div><\/div><\/div><\/div><\/div><\/div><div class=\"wpb_column vc_column_container\"><div class=\"vc_column-inner\"><\/div><\/div><div class=\"wpb_column vc_column_container\"><div class=\"vc_column-inner\"><\/div><\/div><\/div><div class=\"w-separator size_medium\"><\/div><\/div><\/div><\/div><\/div><\/section>\n","protected":false},"excerpt":{"rendered":"Agenda 2025 Expedi\u00e7\u00e3o Guaraque\u00e7aba17 a 23 de Agosto de 2025 16 a 22 de Novembro de 2025 Expedi\u00e7\u00e3o cient\u00edfica com 07 dias e 06 noites de dura\u00e7\u00e3o no local mais selvagem do Lagamar, no estado do Paran\u00e1. Uma parceria entre o ... Saiba MaisExpedi\u00e7\u00e3o Uacari06 a 12 de Julho de 2025 12 a 19 de...","protected":false},"author":2,"featured_media":2005,"parent":0,"menu_order":0,"comment_status":"closed","ping_status":"closed","template":"","meta":{"_acf_changed":false,"footnotes":""},"class_list":["post-1643","page","type-page","status-publish","has-post-thumbnail","hentry"],"acf":[],"_links":{"self":[{"href":"https:\/\/www.latinwildfilms.com\/pt\/wp-json\/wp\/v2\/pages\/1643","targetHints":{"allow":["GET"]}}],"collection":[{"href":"https:\/\/www.latinwildfilms.com\/pt\/wp-json\/wp\/v2\/pages"}],"about":[{"href":"https:\/\/www.latinwildfilms.com\/pt\/wp-json\/wp\/v2\/types\/page"}],"author":[{"embeddable":true,"href":"https:\/\/www.latinwildfilms.com\/pt\/wp-json\/wp\/v2\/users\/2"}],"replies":[{"embeddable":true,"href":"https:\/\/www.latinwildfilms.com\/pt\/wp-json\/wp\/v2\/comments?post=1643"}],"version-history":[{"count":43,"href":"https:\/\/www.latinwildfilms.com\/pt\/wp-json\/wp\/v2\/pages\/1643\/revisions"}],"predecessor-version":[{"id":1884,"href":"https:\/\/www.latinwildfilms.com\/pt\/wp-json\/wp\/v2\/pages\/1643\/revisions\/1884"}],"wp:featuredmedia":[{"embeddable":true,"href":"https:\/\/www.latinwildfilms.com\/pt\/wp-json\/wp\/v2\/media\/2005"}],"wp:attachment":[{"href":"https:\/\/www.latinwildfilms.com\/pt\/wp-json\/wp\/v2\/media?parent=1643"}],"curies":[{"name":"wp","href":"https:\/\/api.w.org\/{rel}","templated":true}]}}